{"id":116,"date":"2022-05-24T23:43:34","date_gmt":"2022-05-24T21:43:34","guid":{"rendered":"http:\/\/bl-aj.fr\/?page_id=116"},"modified":"2022-11-05T18:49:38","modified_gmt":"2022-11-05T17:49:38","slug":"nos-dernieres-missions","status":"publish","type":"page","link":"https:\/\/bl-aj.fr\/index.php\/nos-dernieres-missions\/","title":{"rendered":"NOS DERNI\u00c8RES MISSIONS"},"content":{"rendered":"<div id=\"pl-116\"  class=\"panel-layout\" ><div id=\"pg-116-0\"  class=\"panel-grid panel-no-style\" ><div id=\"pgc-116-0-0\"  class=\"panel-grid-cell\" ><div id=\"panel-116-0-0-0\" class=\"so-panel widget widget_sow-editor panel-first-child panel-last-child\" data-index=\"0\" ><div\n\t\t\t\n\t\t\tclass=\"so-widget-sow-editor so-widget-sow-editor-base\"\n\t\t\t\n\t\t>\n<div class=\"siteorigin-widget-tinymce textwidget\">\n\t<p><!-- wp:paragraph --><\/p>\n<ul>\n<li><strong>VORTEX 1.800 salari\u00e9s<\/strong><\/li>\n<li><strong>MIM 1.400 salari\u00e9s<\/strong><\/li>\n<li><strong>INFA 450 salari\u00e9s<\/strong><\/li>\n<li><strong>GROUPE FACEA 130 salari\u00e9s<\/strong><\/li>\n<li><strong>GROUPE CAROMAR 120 salari\u00e9s<\/strong><\/li>\n<li><strong>IXIO 130 salari\u00e9s<\/strong><\/li>\n<li><strong>YAKAROULER<\/strong><\/li>\n<li><strong>AGRICOOL<\/strong><\/li>\n<li><strong>QUADRIGA\u00a0<\/strong><\/li>\n<li><strong>LES MERCURIALES\u00a0<\/strong><\/li>\n<li><strong>IOC GROUP 150 salari\u00e9s<\/strong><\/li>\n<\/ul>\n<p><!-- \/wp:list --><\/p>\n<\/div>\n<\/div><\/div><\/div><div id=\"pgc-116-0-1\"  class=\"panel-grid-cell\" ><div id=\"panel-116-0-1-0\" class=\"so-panel widget widget_text panel-first-child panel-last-child\" data-index=\"1\" >\t\t\t<div class=\"textwidget\"><p>&nbsp;<\/p>\n<ul>\n<li><strong>NATIS 140 salari\u00e9s\u00a0<\/strong><\/li>\n<li><strong>PARASHOP 160 salari\u00e9s<\/strong><\/li>\n<li><strong>SODEMO 95 salari\u00e9s\u00a0<\/strong><\/li>\n<li><strong>ARCOSUR 220 salari\u00e9s\u00a0<\/strong><\/li>\n<li><strong>RIEM BECKER 140 salari\u00e9s<\/strong><\/li>\n<li><strong>MILLIDROP\u00a0<\/strong><\/li>\n<li><strong>ARATINGA<\/strong><\/li>\n<li><strong>TEEZILY\u00a0<\/strong><\/li>\n<li><strong>LE MANS PROCESS AGRO<\/strong><\/li>\n<li><strong>Le JOURNAL DE L\u2019ILE DE LA REUNION<\/strong><\/li>\n<\/ul>\n<\/div>\n\t\t<\/div><\/div><\/div><\/div>","protected":false},"excerpt":{"rendered":"<p>VORTEX 1.800 salari\u00e9s MIM 1.400 salari\u00e9s INFA 450 salari\u00e9s GROUPE FACEA 130 salari\u00e9s GROUPE CAROMAR 120 salari\u00e9s IXIO 130 salari\u00e9s YAKAROULER AGRICOOL QUADRIGA\u00a0 LES MERCURIALES\u00a0 IOC GROUP 150 salari\u00e9s &nbsp; NATIS 140 salari\u00e9s\u00a0 PARASHOP 160 salari\u00e9s SODEMO 95 salari\u00e9s\u00a0 ARCOSUR 220 salari\u00e9s\u00a0 RIEM BECKER 140 salari\u00e9s MILLIDROP\u00a0 ARATINGA TEEZILY\u00a0 LE MANS PROCESS AGRO Le JOURNAL DE L\u2019ILE DE LA REUNION<\/p>\n","protected":false},"author":1,"featured_media":0,"parent":0,"menu_order":0,"comment_status":"closed","ping_status":"closed","template":"","meta":{"footnotes":""},"class_list":["post-116","page","type-page","status-publish","hentry"],"_links":{"self":[{"href":"https:\/\/bl-aj.fr\/index.php\/wp-json\/wp\/v2\/pages\/116","targetHints":{"allow":["GET"]}}],"collection":[{"href":"https:\/\/bl-aj.fr\/index.php\/wp-json\/wp\/v2\/pages"}],"about":[{"href":"https:\/\/bl-aj.fr\/index.php\/wp-json\/wp\/v2\/types\/page"}],"author":[{"embeddable":true,"href":"https:\/\/bl-aj.fr\/index.php\/wp-json\/wp\/v2\/users\/1"}],"replies":[{"embeddable":true,"href":"https:\/\/bl-aj.fr\/index.php\/wp-json\/wp\/v2\/comments?post=116"}],"version-history":[{"count":9,"href":"https:\/\/bl-aj.fr\/index.php\/wp-json\/wp\/v2\/pages\/116\/revisions"}],"predecessor-version":[{"id":270,"href":"https:\/\/bl-aj.fr\/index.php\/wp-json\/wp\/v2\/pages\/116\/revisions\/270"}],"wp:attachment":[{"href":"https:\/\/bl-aj.fr\/index.php\/wp-json\/wp\/v2\/media?parent=116"}],"curies":[{"name":"wp","href":"https:\/\/api.w.org\/{rel}","templated":true}]}}